{"id":62,"date":"2023-08-13T09:37:34","date_gmt":"2023-08-13T07:37:34","guid":{"rendered":"http:\/\/www.lasaisondesrecettes.fr\/?page_id=62"},"modified":"2023-08-13T09:37:34","modified_gmt":"2023-08-13T07:37:34","slug":"bienvenu-blog-culinaire","status":"publish","type":"page","link":"https:\/\/www.lasaisondesrecettes.fr\/index.php\/bienvenu-blog-culinaire\/","title":{"rendered":"Bienvenu blog culinaire"},"content":{"rendered":"\n<p>Je partage ici les recettes que j&#8217;ai aim\u00e9es r\u00e9aliser, en cherchant \u00e0 respecter la saison.<\/p>\n\n\n\n<p>Manger est un plaisir, et encore plus avec des produits locaux, des l\u00e9gumes qui ont pouss\u00e9 dans la terre, et une cuisine simple et chaleureuse.<\/p>\n\n\n\n<p>Alors \u00e0 vos couteaux !<\/p>\n","protected":false},"excerpt":{"rendered":"<p>Je partage ici les recettes que j&#8217;ai aim\u00e9es r\u00e9aliser, en cherchant \u00e0 respecter la saison. Manger est un plaisir, et encore plus avec des produits locaux, des l\u00e9gumes qui ont pouss\u00e9 dans la terre, et une cuisine simple et chaleureuse. Alors \u00e0 vos couteaux !<\/p>\n","protected":false},"author":1,"featured_media":0,"parent":0,"menu_order":0,"comment_status":"closed","ping_status":"closed","template":"","meta":{"footnotes":""},"class_list":["post-62","page","type-page","status-publish","hentry"],"_links":{"self":[{"href":"https:\/\/www.lasaisondesrecettes.fr\/index.php\/wp-json\/wp\/v2\/pages\/62","targetHints":{"allow":["GET"]}}],"collection":[{"href":"https:\/\/www.lasaisondesrecettes.fr\/index.php\/wp-json\/wp\/v2\/pages"}],"about":[{"href":"https:\/\/www.lasaisondesrecettes.fr\/index.php\/wp-json\/wp\/v2\/types\/page"}],"author":[{"embeddable":true,"href":"https:\/\/www.lasaisondesrecettes.fr\/index.php\/wp-json\/wp\/v2\/users\/1"}],"replies":[{"embeddable":true,"href":"https:\/\/www.lasaisondesrecettes.fr\/index.php\/wp-json\/wp\/v2\/comments?post=62"}],"version-history":[{"count":1,"href":"https:\/\/www.lasaisondesrecettes.fr\/index.php\/wp-json\/wp\/v2\/pages\/62\/revisions"}],"predecessor-version":[{"id":63,"href":"https:\/\/www.lasaisondesrecettes.fr\/index.php\/wp-json\/wp\/v2\/pages\/62\/revisions\/63"}],"wp:attachment":[{"href":"https:\/\/www.lasaisondesrecettes.fr\/index.php\/wp-json\/wp\/v2\/media?parent=62"}],"curies":[{"name":"wp","href":"https:\/\/api.w.org\/{rel}","templated":true}]}}